
{"id":429,"date":"2021-11-26T22:11:10","date_gmt":"2021-11-26T22:11:10","guid":{"rendered":"https:\/\/postulat.org\/fr\/?page_id=429"},"modified":"2021-11-26T22:41:58","modified_gmt":"2021-11-26T22:41:58","slug":"pour-les-auteurs","status":"publish","type":"page","link":"https:\/\/postulat.org\/fr\/pour-les-auteurs\/","title":{"rendered":"Pour les Auteurs"},"content":{"rendered":"\n<p class=\"wp-block-paragraph\">POSTULAT accueille les publications savantes sur tous les aspects de la philosophie dans n&rsquo;importe quelle langue, y compris des articles, des r\u00e9sum\u00e9s, des analyses, des critiques de lectures philosophiques. Vous pouvez choisir un style allant d&rsquo;un style non technique \u00e0 celui requis par les revues philosophiques. La forme id\u00e9ale de la publication sur POSTULAT serait de r\u00e9diger une th\u00e8se dans laquelle vous analysez une position philosophique et prenez position sur un probl\u00e8me. Une structure de base d&rsquo;une telle publication contiendrait une introduction, un argument, une conclusion, une bibliographie ou des r\u00e9f\u00e9rences.<\/p>\n\n\n\n<p class=\"wp-block-paragraph\">Si vous devez publier de longes th\u00e8ses, publiez-les simplement par chapitres. Mettez tous les chapitres dans une cat\u00e9gorie sp\u00e9cifique et nommez-la par le titre de votre travail. Les r\u00e9f\u00e9rences et la bibliographie pour chaque chapitre sont n\u00e9cessaires selon les normes acad\u00e9miques.<\/p>\n\n\n\n<p class=\"wp-block-paragraph\">Pour publier sur POSTULAT, envoyez simplement une lettre \u00e0 postulatbox sur gmail.com. Donnez quelques r\u00e9f\u00e9rences \u00e0 vos travaux d\u00e9j\u00e0 publi\u00e9s ou joignez des exemples de textes \u00e0 votre demande.<\/p>\n","protected":false},"excerpt":{"rendered":"<p>POSTULAT accueille les publications savantes sur tous les aspects de la philosophie dans n&rsquo;importe quelle langue, y compris des articles, des r\u00e9sum\u00e9s, des analyses, des critiques de lectures philosophiques. Vous pouvez choisir un style allant d&rsquo;un style non technique \u00e0 celui requis par les revues philosophiques. La forme id\u00e9ale de la publication sur POSTULAT serait [&hellip;]<\/p>\n","protected":false},"author":1,"featured_media":0,"parent":0,"menu_order":1,"comment_status":"closed","ping_status":"closed","template":"","meta":{"_crdt_document":"","footnotes":""},"class_list":["post-429","page","type-page","status-publish","hentry"],"_links":{"self":[{"href":"https:\/\/postulat.org\/fr\/wp-json\/wp\/v2\/pages\/429","targetHints":{"allow":["GET"]}}],"collection":[{"href":"https:\/\/postulat.org\/fr\/wp-json\/wp\/v2\/pages"}],"about":[{"href":"https:\/\/postulat.org\/fr\/wp-json\/wp\/v2\/types\/page"}],"author":[{"embeddable":true,"href":"https:\/\/postulat.org\/fr\/wp-json\/wp\/v2\/users\/1"}],"replies":[{"embeddable":true,"href":"https:\/\/postulat.org\/fr\/wp-json\/wp\/v2\/comments?post=429"}],"version-history":[{"count":2,"href":"https:\/\/postulat.org\/fr\/wp-json\/wp\/v2\/pages\/429\/revisions"}],"predecessor-version":[{"id":433,"href":"https:\/\/postulat.org\/fr\/wp-json\/wp\/v2\/pages\/429\/revisions\/433"}],"wp:attachment":[{"href":"https:\/\/postulat.org\/fr\/wp-json\/wp\/v2\/media?parent=429"}],"curies":[{"name":"wp","href":"https:\/\/api.w.org\/{rel}","templated":true}]}}