
{"id":15,"date":"2019-05-07T15:56:27","date_gmt":"2019-05-07T15:56:27","guid":{"rendered":"https:\/\/postulat.org\/fr\/?page_id=15"},"modified":"2021-11-26T22:15:42","modified_gmt":"2021-11-26T22:15:42","slug":"confidentialite","status":"publish","type":"page","link":"https:\/\/postulat.org\/fr\/confidentialite\/","title":{"rendered":"Confidentialit\u00e9"},"content":{"rendered":"\n<p class=\"wp-block-paragraph\">POSTULAT respecte et s&rsquo;engage \u00e0 prot\u00e9ger votre vie priv\u00e9e. Nous ne vendons pas ou ne fournissons pas d&rsquo;informations personnelles \u00e0 d&rsquo;autres soci\u00e9t\u00e9s pour la commercialisation de leurs propres produits ou services. Nous conserverons vos informations personnelles aussi longtemps que n\u00e9cessaire pour vous fournir des services ou pour nous conformer \u00e0 nos obligations l\u00e9gales, r\u00e9soudre les litiges et faire respecter nos accords.<\/p>\n\n\n\n<p class=\"wp-block-paragraph\">Les cookies sont utilis\u00e9s sur POSTULAT pour enregistrer les pr\u00e9f\u00e9rences des visiteurs (votre navigateur, votre langue pr\u00e9f\u00e9r\u00e9e) et d\u2019autres informations techniques n\u00e9cessaires au bon fonctionnement du site Web. Aucune information personnelle n&rsquo;est stock\u00e9e dans ces cookies. Vous pouvez r\u00e9initialiser votre navigateur pour refuser tous les cookies ou pour indiquer quand un cookie est envoy\u00e9.<\/p>\n\n\n\n<p class=\"wp-block-paragraph\">POSTULAT utilise Google Analytics, un service d&rsquo;analyse du site internet fourni par Google, Inc. (Google). Google Analytics est un logiciel qui r\u00e9cup\u00e8re des donn\u00e9es sur les visiteurs de POSTULAT. Cela ressemble \u00e0 un journal de serveur avanc\u00e9.<br> Google Analytics enregistre le site Web par lequel vous \u00eates venu, la dur\u00e9e de votre s\u00e9jour, le type d&rsquo;ordinateur que vous utilisez et d&rsquo;autres informations.<br>Les informations de suivi nous permettent de conna\u00eetre le nombre de visiteurs que le site POSTULAT re\u00e7oit. En utilisant ces informations, nous pouvons \u00e9galement mieux comprendre le type de personnes qui visitent le site POSTULAT et le contenu qu\u2019elles recherchent. Cela permet \u00e0 POSTULAT de prendre de meilleures d\u00e9cisions concernant le contenu \u00e0 cr\u00e9er pour les utilisateurs.<br> Toute l&rsquo;activit\u00e9 de POSTULAT rel\u00e8ve des conditions d&rsquo;utilisation de Google Analytics http:\/\/www.google.com\/analytics\/tos.html.<br> Vous pouvez d\u00e9sactiver le cookie de suivi des publicit\u00e9s de Google http:\/\/www.google.com\/privacy_ads.html ou utiliser un plug-in de navigateur pour d\u00e9sactiver tout logiciel de suivi de Google Analytics http:\/\/tools.google.com\/dlpage\/gaoptout? hl = en.<\/p>\n","protected":false},"excerpt":{"rendered":"<p>POSTULAT respecte et s&rsquo;engage \u00e0 prot\u00e9ger votre vie priv\u00e9e. Nous ne vendons pas ou ne fournissons pas d&rsquo;informations personnelles \u00e0 d&rsquo;autres soci\u00e9t\u00e9s pour la commercialisation de leurs propres produits ou services. Nous conserverons vos informations personnelles aussi longtemps que n\u00e9cessaire pour vous fournir des services ou pour nous conformer \u00e0 nos obligations l\u00e9gales, r\u00e9soudre les [&hellip;]<\/p>\n","protected":false},"author":1,"featured_media":0,"parent":0,"menu_order":4,"comment_status":"closed","ping_status":"closed","template":"","meta":{"_crdt_document":"","footnotes":""},"class_list":["post-15","page","type-page","status-publish","hentry"],"_links":{"self":[{"href":"https:\/\/postulat.org\/fr\/wp-json\/wp\/v2\/pages\/15","targetHints":{"allow":["GET"]}}],"collection":[{"href":"https:\/\/postulat.org\/fr\/wp-json\/wp\/v2\/pages"}],"about":[{"href":"https:\/\/postulat.org\/fr\/wp-json\/wp\/v2\/types\/page"}],"author":[{"embeddable":true,"href":"https:\/\/postulat.org\/fr\/wp-json\/wp\/v2\/users\/1"}],"replies":[{"embeddable":true,"href":"https:\/\/postulat.org\/fr\/wp-json\/wp\/v2\/comments?post=15"}],"version-history":[{"count":4,"href":"https:\/\/postulat.org\/fr\/wp-json\/wp\/v2\/pages\/15\/revisions"}],"predecessor-version":[{"id":185,"href":"https:\/\/postulat.org\/fr\/wp-json\/wp\/v2\/pages\/15\/revisions\/185"}],"wp:attachment":[{"href":"https:\/\/postulat.org\/fr\/wp-json\/wp\/v2\/media?parent=15"}],"curies":[{"name":"wp","href":"https:\/\/api.w.org\/{rel}","templated":true}]}}