
{"id":13,"date":"2019-05-07T15:55:50","date_gmt":"2019-05-07T15:55:50","guid":{"rendered":"https:\/\/postulat.org\/fr\/?page_id=13"},"modified":"2021-11-26T22:15:09","modified_gmt":"2021-11-26T22:15:09","slug":"droits-dauteur","status":"publish","type":"page","link":"https:\/\/postulat.org\/fr\/droits-dauteur\/","title":{"rendered":"Droits d&rsquo;auteur"},"content":{"rendered":"\n<p class=\"wp-block-paragraph\">Le contenu de POSTULAT est une source de connaissances accumul\u00e9e en repensant et en r\u00e9sumant les lectures philosophiques.<\/p>\n\n\n\n<p class=\"wp-block-paragraph\">Si vous partagez le contenu de POSTULAT sur d\u2019autres sites Web, veuillez donner cr\u00e9dit \u00e0 la source en utilizant un lien actif vers le site POSTULAT. Un exemple du lien est <a href=\"https:\/\/postulat.org\">POSTULAT<\/a>. <\/p>\n\n\n\n<p class=\"wp-block-paragraph\">En laissant le lien actif vers le site POSTULAT (sur votre blog, vos r\u00e9seaux sociaux, etc.), vous aidez POSTULAT \u00e0 se d\u00e9velopper et \u00e0 \u00eatre utile \u00e0 davantage de lecteurs.<\/p>\n","protected":false},"excerpt":{"rendered":"<p>Le contenu de POSTULAT est une source de connaissances accumul\u00e9e en repensant et en r\u00e9sumant les lectures philosophiques. Si vous partagez le contenu de POSTULAT sur d\u2019autres sites Web, veuillez donner cr\u00e9dit \u00e0 la source en utilizant un lien actif vers le site POSTULAT. Un exemple du lien est POSTULAT. En laissant le lien actif [&hellip;]<\/p>\n","protected":false},"author":1,"featured_media":0,"parent":0,"menu_order":3,"comment_status":"closed","ping_status":"closed","template":"","meta":{"_crdt_document":"","footnotes":""},"class_list":["post-13","page","type-page","status-publish","hentry"],"_links":{"self":[{"href":"https:\/\/postulat.org\/fr\/wp-json\/wp\/v2\/pages\/13","targetHints":{"allow":["GET"]}}],"collection":[{"href":"https:\/\/postulat.org\/fr\/wp-json\/wp\/v2\/pages"}],"about":[{"href":"https:\/\/postulat.org\/fr\/wp-json\/wp\/v2\/types\/page"}],"author":[{"embeddable":true,"href":"https:\/\/postulat.org\/fr\/wp-json\/wp\/v2\/users\/1"}],"replies":[{"embeddable":true,"href":"https:\/\/postulat.org\/fr\/wp-json\/wp\/v2\/comments?post=13"}],"version-history":[{"count":3,"href":"https:\/\/postulat.org\/fr\/wp-json\/wp\/v2\/pages\/13\/revisions"}],"predecessor-version":[{"id":186,"href":"https:\/\/postulat.org\/fr\/wp-json\/wp\/v2\/pages\/13\/revisions\/186"}],"wp:attachment":[{"href":"https:\/\/postulat.org\/fr\/wp-json\/wp\/v2\/media?parent=13"}],"curies":[{"name":"wp","href":"https:\/\/api.w.org\/{rel}","templated":true}]}}