
{"id":11,"date":"2019-05-07T15:55:12","date_gmt":"2019-05-07T15:55:12","guid":{"rendered":"https:\/\/postulat.org\/fr\/?page_id=11"},"modified":"2021-11-26T21:51:30","modified_gmt":"2021-11-26T21:51:30","slug":"a-propos","status":"publish","type":"page","link":"https:\/\/postulat.org\/fr\/a-propos\/","title":{"rendered":"A Propos"},"content":{"rendered":"\n<p class=\"wp-block-paragraph\">POSTULAT est une plateforme de publication en ligne \u00e0 but non lucratif fond\u00e9e par des philosophes. Il s&rsquo;agit d&rsquo;un ensemble de blogs multilingues sur la philosophie qui couvrent un large \u00e9ventail de sujets allant de l&rsquo;\u00e9pist\u00e9mologie, la m\u00e9taphysique, l&rsquo;\u00e9thique, l&rsquo;esth\u00e9tique et la logique.<\/p>\n\n\n\n<p class=\"wp-block-paragraph\">POSTULAT est aliment\u00e9 par l&rsquo;amour de la sagesse. Sa mission est de construire une source de connaissances accessible \u00e0 tous les coins du monde et qui exposerait aux lecteurs les arguments philosophiques formul\u00e9s de mani\u00e8re compr\u00e9hensible et concise.<\/p>\n\n\n\n<p class=\"wp-block-paragraph\">POSTULAT se veut une base acad\u00e9mique pour les \u00e9tudiants qui d\u00e9veloppent leurs recherches dans diff\u00e9rents domaines d\u2019\u00e9tudes ou qui cherchent des r\u00e9ponses claires \u00e0 de nombreuses questions philosophiques.<\/p>\n\n\n\n<p class=\"wp-block-paragraph\">Pour les propositions or les questions, envoyez vos messages \u00e0 postulatbox sur gmail.com<\/p>\n\n\n\n<p class=\"wp-block-paragraph\"> POSTULAT remercie  <a href=\"https:\/\/justhost.ru\" data-type=\"URL\" data-id=\"https:\/\/justhost.ru\"><img decoding=\"async\" class=\"wp-image-1366\" style=\"width: 134px;\" src=\"https:\/\/postulat.org\/wp-content\/uploads\/2021\/08\/just.png\" alt=\"\"><\/a> pour l&rsquo;h\u00e9bergement du site web. <\/p>\n","protected":false},"excerpt":{"rendered":"<p>POSTULAT est une plateforme de publication en ligne \u00e0 but non lucratif fond\u00e9e par des philosophes. Il s&rsquo;agit d&rsquo;un ensemble de blogs multilingues sur la philosophie qui couvrent un large \u00e9ventail de sujets allant de l&rsquo;\u00e9pist\u00e9mologie, la m\u00e9taphysique, l&rsquo;\u00e9thique, l&rsquo;esth\u00e9tique et la logique. POSTULAT est aliment\u00e9 par l&rsquo;amour de la sagesse. Sa mission est de [&hellip;]<\/p>\n","protected":false},"author":1,"featured_media":0,"parent":0,"menu_order":0,"comment_status":"closed","ping_status":"closed","template":"","meta":{"_crdt_document":"","footnotes":""},"class_list":["post-11","page","type-page","status-publish","hentry"],"_links":{"self":[{"href":"https:\/\/postulat.org\/fr\/wp-json\/wp\/v2\/pages\/11","targetHints":{"allow":["GET"]}}],"collection":[{"href":"https:\/\/postulat.org\/fr\/wp-json\/wp\/v2\/pages"}],"about":[{"href":"https:\/\/postulat.org\/fr\/wp-json\/wp\/v2\/types\/page"}],"author":[{"embeddable":true,"href":"https:\/\/postulat.org\/fr\/wp-json\/wp\/v2\/users\/1"}],"replies":[{"embeddable":true,"href":"https:\/\/postulat.org\/fr\/wp-json\/wp\/v2\/comments?post=11"}],"version-history":[{"count":6,"href":"https:\/\/postulat.org\/fr\/wp-json\/wp\/v2\/pages\/11\/revisions"}],"predecessor-version":[{"id":431,"href":"https:\/\/postulat.org\/fr\/wp-json\/wp\/v2\/pages\/11\/revisions\/431"}],"wp:attachment":[{"href":"https:\/\/postulat.org\/fr\/wp-json\/wp\/v2\/media?parent=11"}],"curies":[{"name":"wp","href":"https:\/\/api.w.org\/{rel}","templated":true}]}}