
{"id":20,"date":"2023-03-25T17:22:50","date_gmt":"2023-03-25T17:22:50","guid":{"rendered":"https:\/\/postulat.org\/es\/?page_id=20"},"modified":"2023-03-26T17:43:59","modified_gmt":"2023-03-26T17:43:59","slug":"politica-de-privacidad","status":"publish","type":"page","link":"https:\/\/postulat.org\/es\/politica-de-privacidad\/","title":{"rendered":"Pol\u00edtica de privacidad"},"content":{"rendered":"\n<p class=\"wp-block-paragraph\">POSTULAT respeta y se compromete a proteger su privacidad. No vendemos ni proporcionamos informaci\u00f3n personal a otras empresas para la comercializaci\u00f3n de sus propios productos o servicios. Conservaremos su informaci\u00f3n personal durante el tiempo que sea necesario para brindarle servicios o para cumplir con nuestras obligaciones legales, resolver disputas y hacer cumplir nuestros acuerdos.<\/p>\n\n\n\n<p class=\"wp-block-paragraph\">Las cookies se utilizan en POSTULAT para almacenar las preferencias de los visitantes (su navegador, su idioma preferido) y otra informaci\u00f3n t\u00e9cnica requerida para la funcionalidad del sitio web. No se almacena informaci\u00f3n personal en estas cookies. Puede restablecer su navegador para rechazar todas las cookies o para indicar cu\u00e1ndo se env\u00eda una cookie.<\/p>\n\n\n\n<p class=\"wp-block-paragraph\">POSTULAT utiliza Google Analytics, un servicio de an\u00e1lisis web proporcionado por Google, Inc. (Google). Google Analytics es una pieza de software que captura datos sobre los visitantes de POSTULAT. Es algo as\u00ed como un registro de servidor avanzado.<br>Google Analytics registra de qu\u00e9 sitio web vino para llegar aqu\u00ed, cu\u00e1nto tiempo permanece, qu\u00e9 tipo de computadora est\u00e1 usando y mucho m\u00e1s.<br>La informaci\u00f3n de seguimiento nos permite conocer el n\u00famero de visitantes que recibe el sitio de POSTULAT. Usando esta informaci\u00f3n, tambi\u00e9n podemos comprender mejor el tipo de personas que visitan el sitio de POSTULAT y qu\u00e9 contenido est\u00e1n buscando. Esto permite que POSTULAT tome mejores decisiones sobre qu\u00e9 contenido crear para los usuarios.<br>Toda la actividad de POSTULAT se encuentra dentro de los l\u00edmites de los T\u00e9rminos de servicio de Google Analytics http:\/\/www.google.com\/analytics\/tos.html.<br>Puede excluirse de la cookie de seguimiento de publicidad de Google http:\/\/www.google.com\/privacy_ads.html o usar un complemento de navegador para excluirse de todo el software de seguimiento de Google Analytics http:\/\/tools.google.com\/dlpage\/gaoptout? hl=es.<\/p>\n","protected":false},"excerpt":{"rendered":"<p>POSTULAT respeta y se compromete a proteger su privacidad. No vendemos ni proporcionamos informaci\u00f3n personal a otras empresas para la comercializaci\u00f3n de sus propios productos o servicios. Conservaremos su informaci\u00f3n personal durante el tiempo que sea necesario para brindarle servicios o para cumplir con nuestras obligaciones legales, resolver disputas y hacer cumplir nuestros acuerdos. Las [&hellip;]<\/p>\n","protected":false},"author":1,"featured_media":0,"parent":0,"menu_order":0,"comment_status":"closed","ping_status":"closed","template":"","meta":{"_crdt_document":"","footnotes":""},"class_list":["post-20","page","type-page","status-publish","hentry"],"_links":{"self":[{"href":"https:\/\/postulat.org\/es\/wp-json\/wp\/v2\/pages\/20","targetHints":{"allow":["GET"]}}],"collection":[{"href":"https:\/\/postulat.org\/es\/wp-json\/wp\/v2\/pages"}],"about":[{"href":"https:\/\/postulat.org\/es\/wp-json\/wp\/v2\/types\/page"}],"author":[{"embeddable":true,"href":"https:\/\/postulat.org\/es\/wp-json\/wp\/v2\/users\/1"}],"replies":[{"embeddable":true,"href":"https:\/\/postulat.org\/es\/wp-json\/wp\/v2\/comments?post=20"}],"version-history":[{"count":2,"href":"https:\/\/postulat.org\/es\/wp-json\/wp\/v2\/pages\/20\/revisions"}],"predecessor-version":[{"id":39,"href":"https:\/\/postulat.org\/es\/wp-json\/wp\/v2\/pages\/20\/revisions\/39"}],"wp:attachment":[{"href":"https:\/\/postulat.org\/es\/wp-json\/wp\/v2\/media?parent=20"}],"curies":[{"name":"wp","href":"https:\/\/api.w.org\/{rel}","templated":true}]}}