
{"id":18,"date":"2023-03-25T17:21:06","date_gmt":"2023-03-25T17:21:06","guid":{"rendered":"https:\/\/postulat.org\/es\/?page_id=18"},"modified":"2023-03-26T17:42:39","modified_gmt":"2023-03-26T17:42:39","slug":"derechos-de-autor","status":"publish","type":"page","link":"https:\/\/postulat.org\/es\/derechos-de-autor\/","title":{"rendered":"Derechos de autor"},"content":{"rendered":"\n<p class=\"wp-block-paragraph\">El contenido de POSTULAT es una fuente de conocimiento acumulado a trav\u00e9s del replanteamiento y s\u00edntesis de lecturas filos\u00f3ficas.<\/p>\n\n\n\n<p class=\"wp-block-paragraph\">Si comparte el contenido de POSTULAT en otros sitios web, d\u00e9 cr\u00e9dito a la p\u00e1gina de <a href=\"https:\/\/postulat.org\/\" data-type=\"URL\" data-id=\"https:\/\/postulat.org\/\">POSTULAT<\/a> con un hiperv\u00ednculo y mencione al autor de la publicaci\u00f3n.<\/p>\n\n\n\n<p class=\"wp-block-paragraph\">Dejando el hiperv\u00ednculo activo al sitio de POSTULAT (en tu blog, redes sociales, etc.) ayudas a POSTULAT a desarrollarse y ser \u00fatil a m\u00e1s lectores.<\/p>\n","protected":false},"excerpt":{"rendered":"<p>El contenido de POSTULAT es una fuente de conocimiento acumulado a trav\u00e9s del replanteamiento y s\u00edntesis de lecturas filos\u00f3ficas. Si comparte el contenido de POSTULAT en otros sitios web, d\u00e9 cr\u00e9dito a la p\u00e1gina de POSTULAT con un hiperv\u00ednculo y mencione al autor de la publicaci\u00f3n. Dejando el hiperv\u00ednculo activo al sitio de POSTULAT (en [&hellip;]<\/p>\n","protected":false},"author":1,"featured_media":0,"parent":0,"menu_order":0,"comment_status":"closed","ping_status":"closed","template":"","meta":{"_crdt_document":"","footnotes":""},"class_list":["post-18","page","type-page","status-publish","hentry"],"_links":{"self":[{"href":"https:\/\/postulat.org\/es\/wp-json\/wp\/v2\/pages\/18","targetHints":{"allow":["GET"]}}],"collection":[{"href":"https:\/\/postulat.org\/es\/wp-json\/wp\/v2\/pages"}],"about":[{"href":"https:\/\/postulat.org\/es\/wp-json\/wp\/v2\/types\/page"}],"author":[{"embeddable":true,"href":"https:\/\/postulat.org\/es\/wp-json\/wp\/v2\/users\/1"}],"replies":[{"embeddable":true,"href":"https:\/\/postulat.org\/es\/wp-json\/wp\/v2\/comments?post=18"}],"version-history":[{"count":2,"href":"https:\/\/postulat.org\/es\/wp-json\/wp\/v2\/pages\/18\/revisions"}],"predecessor-version":[{"id":37,"href":"https:\/\/postulat.org\/es\/wp-json\/wp\/v2\/pages\/18\/revisions\/37"}],"wp:attachment":[{"href":"https:\/\/postulat.org\/es\/wp-json\/wp\/v2\/media?parent=18"}],"curies":[{"name":"wp","href":"https:\/\/api.w.org\/{rel}","templated":true}]}}