
{"id":16,"date":"2023-03-25T17:20:43","date_gmt":"2023-03-25T17:20:43","guid":{"rendered":"https:\/\/postulat.org\/es\/?page_id=16"},"modified":"2023-03-26T17:43:22","modified_gmt":"2023-03-26T17:43:22","slug":"para-autores","status":"publish","type":"page","link":"https:\/\/postulat.org\/es\/para-autores\/","title":{"rendered":"Para Autores"},"content":{"rendered":"\n<p class=\"wp-block-paragraph\">POSTULAT da la bienvenida a publicaciones acad\u00e9micas sobre cualquier aspecto de la filosof\u00eda, incluidos art\u00edculos, res\u00famenes, an\u00e1lisis, cr\u00edticas de lecturas filos\u00f3ficas en cualquier idioma. Puede elegir un estilo desde uno no t\u00e9cnico hasta el requerido por las revistas acad\u00e9micas. La forma ideal del post de POSTULAT es escribir una tesis en la que analices alguna posici\u00f3n filos\u00f3fica y te pronuncies sobre un tema. Una estructura b\u00e1sica de dicho post contendr\u00eda una introducci\u00f3n, un argumento, una conclusi\u00f3n, bibliograf\u00eda o referencias.<\/p>\n\n\n\n<p class=\"wp-block-paragraph\">Si necesita publicar art\u00edculos extensos, simplemente publ\u00edquelos por cap\u00edtulos. Combine todas las publicaciones del peri\u00f3dico en una categor\u00eda espec\u00edfica y as\u00edgnele el nombre del t\u00edtulo de su trabajo. Las referencias y bibliograf\u00eda de cada publicaci\u00f3n son necesarias seg\u00fan los est\u00e1ndares acad\u00e9micos.<\/p>\n\n\n\n<p class=\"wp-block-paragraph\">Para publicar en POSTULAT, solo env\u00ede una carta a postulatbox en gmail.com. Proporcione algunas referencias a sus trabajos ya publicados o adjunte algunos textos de muestra con su consulta.<\/p>\n","protected":false},"excerpt":{"rendered":"<p>POSTULAT da la bienvenida a publicaciones acad\u00e9micas sobre cualquier aspecto de la filosof\u00eda, incluidos art\u00edculos, res\u00famenes, an\u00e1lisis, cr\u00edticas de lecturas filos\u00f3ficas en cualquier idioma. Puede elegir un estilo desde uno no t\u00e9cnico hasta el requerido por las revistas acad\u00e9micas. La forma ideal del post de POSTULAT es escribir una tesis en la que analices alguna [&hellip;]<\/p>\n","protected":false},"author":1,"featured_media":0,"parent":0,"menu_order":0,"comment_status":"closed","ping_status":"closed","template":"","meta":{"_crdt_document":"","footnotes":""},"class_list":["post-16","page","type-page","status-publish","hentry"],"_links":{"self":[{"href":"https:\/\/postulat.org\/es\/wp-json\/wp\/v2\/pages\/16","targetHints":{"allow":["GET"]}}],"collection":[{"href":"https:\/\/postulat.org\/es\/wp-json\/wp\/v2\/pages"}],"about":[{"href":"https:\/\/postulat.org\/es\/wp-json\/wp\/v2\/types\/page"}],"author":[{"embeddable":true,"href":"https:\/\/postulat.org\/es\/wp-json\/wp\/v2\/users\/1"}],"replies":[{"embeddable":true,"href":"https:\/\/postulat.org\/es\/wp-json\/wp\/v2\/comments?post=16"}],"version-history":[{"count":2,"href":"https:\/\/postulat.org\/es\/wp-json\/wp\/v2\/pages\/16\/revisions"}],"predecessor-version":[{"id":38,"href":"https:\/\/postulat.org\/es\/wp-json\/wp\/v2\/pages\/16\/revisions\/38"}],"wp:attachment":[{"href":"https:\/\/postulat.org\/es\/wp-json\/wp\/v2\/media?parent=16"}],"curies":[{"name":"wp","href":"https:\/\/api.w.org\/{rel}","templated":true}]}}