
{"id":14,"date":"2023-03-25T17:20:13","date_gmt":"2023-03-25T17:20:13","guid":{"rendered":"https:\/\/postulat.org\/es\/?page_id=14"},"modified":"2023-03-26T17:41:19","modified_gmt":"2023-03-26T17:41:19","slug":"acerca-de","status":"publish","type":"page","link":"https:\/\/postulat.org\/es\/acerca-de\/","title":{"rendered":"Acerca de"},"content":{"rendered":"\n<p class=\"wp-block-paragraph\">POSTULAT es una plataforma de publicaci\u00f3n en l\u00ednea sin fines de lucro fundada por fil\u00f3sofos. En pocas palabras, es un conjunto de blogs multiling\u00fces sobre filosof\u00eda que cubren un amplio conjunto de temas de epistemolog\u00eda, metaf\u00edsica, \u00e9tica, est\u00e9tica y l\u00f3gica.<\/p>\n\n\n\n<p class=\"wp-block-paragraph\">POSTULAT est\u00e1 alimentado por el amor a la sabidur\u00eda. Su misi\u00f3n es construir una fuente de conocimiento accesible a todos los rincones del mundo y que exponga a los lectores los principales argumentos filos\u00f3ficos formulados de manera comprensible y concisa.<\/p>\n\n\n\n<p class=\"wp-block-paragraph\">POSTULAT se esfuerza por convertirse en una fundaci\u00f3n acad\u00e9mica para estudiantes que desarrollan su investigaci\u00f3n en diferentes \u00e1reas de estudio o que buscan respuestas claras a numerosas preguntas filos\u00f3ficas.<\/p>\n\n\n\n<p class=\"wp-block-paragraph\">Para propuestas o preguntas, env\u00ede una carta a postulatbox en gmail.com<\/p>\n\n\n\n<p class=\"wp-block-paragraph\">Muchas gracias a <a href=\"https:\/\/justhost.ru\/\"><img loading=\"lazy\" decoding=\"async\" width=\"134\" height=\"44\" class=\"wp-image-35\" style=\"width: 134px;\" src=\"https:\/\/postulat.org\/es\/wp-content\/uploads\/sites\/7\/2023\/03\/just.png\" alt=\"\"><\/a> por brindar un hosting de confianza a POSTULAT.<\/p>\n","protected":false},"excerpt":{"rendered":"<p>POSTULAT es una plataforma de publicaci\u00f3n en l\u00ednea sin fines de lucro fundada por fil\u00f3sofos. En pocas palabras, es un conjunto de blogs multiling\u00fces sobre filosof\u00eda que cubren un amplio conjunto de temas de epistemolog\u00eda, metaf\u00edsica, \u00e9tica, est\u00e9tica y l\u00f3gica. POSTULAT est\u00e1 alimentado por el amor a la sabidur\u00eda. Su misi\u00f3n es construir una fuente [&hellip;]<\/p>\n","protected":false},"author":1,"featured_media":0,"parent":0,"menu_order":0,"comment_status":"closed","ping_status":"closed","template":"","meta":{"_crdt_document":"","footnotes":""},"class_list":["post-14","page","type-page","status-publish","hentry"],"_links":{"self":[{"href":"https:\/\/postulat.org\/es\/wp-json\/wp\/v2\/pages\/14","targetHints":{"allow":["GET"]}}],"collection":[{"href":"https:\/\/postulat.org\/es\/wp-json\/wp\/v2\/pages"}],"about":[{"href":"https:\/\/postulat.org\/es\/wp-json\/wp\/v2\/types\/page"}],"author":[{"embeddable":true,"href":"https:\/\/postulat.org\/es\/wp-json\/wp\/v2\/users\/1"}],"replies":[{"embeddable":true,"href":"https:\/\/postulat.org\/es\/wp-json\/wp\/v2\/comments?post=14"}],"version-history":[{"count":3,"href":"https:\/\/postulat.org\/es\/wp-json\/wp\/v2\/pages\/14\/revisions"}],"predecessor-version":[{"id":36,"href":"https:\/\/postulat.org\/es\/wp-json\/wp\/v2\/pages\/14\/revisions\/36"}],"wp:attachment":[{"href":"https:\/\/postulat.org\/es\/wp-json\/wp\/v2\/media?parent=14"}],"curies":[{"name":"wp","href":"https:\/\/api.w.org\/{rel}","templated":true}]}}