
{"id":2,"date":"2025-06-13T20:16:15","date_gmt":"2025-06-13T20:16:15","guid":{"rendered":"https:\/\/postulat.org\/de\/?page_id=2"},"modified":"2025-06-14T09:16:17","modified_gmt":"2025-06-14T09:16:17","slug":"sample-page","status":"publish","type":"page","link":"https:\/\/postulat.org\/de\/sample-page\/","title":{"rendered":"Um"},"content":{"rendered":"\n<p class=\"wp-block-paragraph\">POSTULAT ist eine gemeinn\u00fctzige Online-Publikationsplattform, die von Philosophen gegr\u00fcndet wurde. Kurz gesagt handelt es sich um eine Reihe mehrsprachiger Blogs \u00fcber Philosophie, die ein breites Themenspektrum aus Erkenntnistheorie, Metaphysik, Ethik, \u00c4sthetik und Logik abdecken.<\/p>\n\n\n\n<p class=\"wp-block-paragraph\">POSTULAT wird von der Liebe zur Weisheit angetrieben. Seine Mission ist es, eine weltweit zug\u00e4ngliche Wissensquelle zu schaffen, die den Lesern die wichtigsten philosophischen Argumente verst\u00e4ndlich und pr\u00e4gnant darlegt.<\/p>\n\n\n\n<p class=\"wp-block-paragraph\">POSTULAT m\u00f6chte eine akademische Grundlage f\u00fcr Studierende bieten, die in verschiedenen Studienbereichen forschen oder nach klaren Antworten auf zahlreiche philosophische Fragen suchen.<\/p>\n\n\n\n<p class=\"wp-block-paragraph\">Bei Fragen oder Anregungen senden Sie bitte eine E-Mail an postulatbox@gmail.com.<\/p>\n\n\n\n<p class=\"wp-block-paragraph\">Vielen Dank <a href=\"https:\/\/justhost.ru\" data-type=\"URL\" data-id=\"https:\/\/justhost.ru\"><img decoding=\"async\" class=\"wp-image-1366\" style=\"width: 134px;\" src=\"https:\/\/postulat.org\/wp-content\/uploads\/2021\/08\/just.png\" alt=\"\"><\/a> f\u00fcr das vertrauensw\u00fcrdige Hosting von POSTULAT.<\/p>\n","protected":false},"excerpt":{"rendered":"<p>POSTULAT ist eine gemeinn\u00fctzige Online-Publikationsplattform, die von Philosophen gegr\u00fcndet wurde. Kurz gesagt handelt es sich um eine Reihe mehrsprachiger Blogs \u00fcber Philosophie, die ein breites Themenspektrum aus Erkenntnistheorie, Metaphysik, Ethik, \u00c4sthetik und Logik abdecken. POSTULAT wird von der Liebe zur Weisheit angetrieben. Seine Mission ist es, eine weltweit zug\u00e4ngliche Wissensquelle zu schaffen, die den Lesern [&hellip;]<\/p>\n","protected":false},"author":1,"featured_media":0,"parent":0,"menu_order":1,"comment_status":"closed","ping_status":"closed","template":"","meta":{"_crdt_document":"","footnotes":""},"class_list":["post-2","page","type-page","status-publish","hentry"],"_links":{"self":[{"href":"https:\/\/postulat.org\/de\/wp-json\/wp\/v2\/pages\/2","targetHints":{"allow":["GET"]}}],"collection":[{"href":"https:\/\/postulat.org\/de\/wp-json\/wp\/v2\/pages"}],"about":[{"href":"https:\/\/postulat.org\/de\/wp-json\/wp\/v2\/types\/page"}],"author":[{"embeddable":true,"href":"https:\/\/postulat.org\/de\/wp-json\/wp\/v2\/users\/1"}],"replies":[{"embeddable":true,"href":"https:\/\/postulat.org\/de\/wp-json\/wp\/v2\/comments?post=2"}],"version-history":[{"count":2,"href":"https:\/\/postulat.org\/de\/wp-json\/wp\/v2\/pages\/2\/revisions"}],"predecessor-version":[{"id":11,"href":"https:\/\/postulat.org\/de\/wp-json\/wp\/v2\/pages\/2\/revisions\/11"}],"wp:attachment":[{"href":"https:\/\/postulat.org\/de\/wp-json\/wp\/v2\/media?parent=2"}],"curies":[{"name":"wp","href":"https:\/\/api.w.org\/{rel}","templated":true}]}}