
{"id":16,"date":"2025-06-14T09:13:15","date_gmt":"2025-06-14T09:13:15","guid":{"rendered":"https:\/\/postulat.org\/de\/?page_id=16"},"modified":"2025-06-14T09:17:19","modified_gmt":"2025-06-14T09:17:19","slug":"datenschutzrichtlinie","status":"publish","type":"page","link":"https:\/\/postulat.org\/de\/datenschutzrichtlinie\/","title":{"rendered":"Datenschutzrichtlinie"},"content":{"rendered":"\n<p class=\"wp-block-paragraph\">POSTULAT respektiert und sch\u00fctzt Ihre Privatsph\u00e4re. Wir verkaufen oder \u00fcbermitteln personenbezogene Daten nicht an andere Unternehmen f\u00fcr die Vermarktung ihrer eigenen Produkte oder Dienstleistungen. Wir speichern Ihre personenbezogenen Daten so lange, wie es f\u00fcr die Bereitstellung unserer Dienste, die Erf\u00fcllung unserer rechtlichen Verpflichtungen, die Beilegung von Streitigkeiten und die Durchsetzung unserer Vereinbarungen erforderlich ist.<\/p>\n\n\n\n<p class=\"wp-block-paragraph\">POSTULAT verwendet Cookies, um Besucherpr\u00e4ferenzen (Ihren Browser, Ihre bevorzugte Sprache) und andere technische Informationen zu speichern, die f\u00fcr die Funktionalit\u00e4t der Website erforderlich sind. Diese Cookies speichern keine personenbezogenen Daten. Sie k\u00f6nnen Ihren Browser so einstellen, dass er alle Cookies ablehnt oder anzeigt, wann ein Cookie gesendet wird.<\/p>\n\n\n\n<p class=\"wp-block-paragraph\">POSTULAT verwendet Google Analytics, einen Webanalysedienst der Google Inc. (Google). Google Analytics ist eine Software, die Daten \u00fcber die Besucher von POSTULAT erfasst. Es handelt sich um eine Art erweitertes Serverprotokoll.<br>Google Analytics zeichnet auf, von welcher Website Sie hierher gelangt sind, wie lange Sie dort verweilen, welchen Computertyp Sie verwenden und vieles mehr.<br>Die Tracking-Informationen erm\u00f6glichen es uns, die Anzahl der Besucher der POSTULAT-Website zu ermitteln. Mithilfe dieser Informationen k\u00f6nnen wir auch besser verstehen, welche Art von Personen die POSTULAT-Website besuchen und nach welchen Inhalten sie suchen. Dadurch kann POSTULAT besser entscheiden, welche Inhalte f\u00fcr die Nutzer erstellt werden sollen.<\/p>\n\n\n\n<p class=\"wp-block-paragraph\">Alle Aktivit\u00e4ten von POSTULAT unterliegen den Nutzungsbedingungen von Google Analytics http:\/\/www.google.com\/analytics\/tos.html.<\/p>\n\n\n\n<p class=\"wp-block-paragraph\">Sie k\u00f6nnen das Werbe-Tracking-Cookie von Google deaktivieren http:\/\/www.google.com\/privacy_ads.html oder ein Browser-Plugin verwenden, um die gesamte Google Analytics-Tracking-Software zu deaktivieren http:\/\/tools.google.com\/dlpage\/gaoptout?hl=de.<\/p>\n","protected":false},"excerpt":{"rendered":"<p>POSTULAT respektiert und sch\u00fctzt Ihre Privatsph\u00e4re. Wir verkaufen oder \u00fcbermitteln personenbezogene Daten nicht an andere Unternehmen f\u00fcr die Vermarktung ihrer eigenen Produkte oder Dienstleistungen. Wir speichern Ihre personenbezogenen Daten so lange, wie es f\u00fcr die Bereitstellung unserer Dienste, die Erf\u00fcllung unserer rechtlichen Verpflichtungen, die Beilegung von Streitigkeiten und die Durchsetzung unserer Vereinbarungen erforderlich ist. POSTULAT [&hellip;]<\/p>\n","protected":false},"author":1,"featured_media":0,"parent":0,"menu_order":4,"comment_status":"closed","ping_status":"closed","template":"","meta":{"_crdt_document":"","footnotes":""},"class_list":["post-16","page","type-page","status-publish","hentry"],"_links":{"self":[{"href":"https:\/\/postulat.org\/de\/wp-json\/wp\/v2\/pages\/16","targetHints":{"allow":["GET"]}}],"collection":[{"href":"https:\/\/postulat.org\/de\/wp-json\/wp\/v2\/pages"}],"about":[{"href":"https:\/\/postulat.org\/de\/wp-json\/wp\/v2\/types\/page"}],"author":[{"embeddable":true,"href":"https:\/\/postulat.org\/de\/wp-json\/wp\/v2\/users\/1"}],"replies":[{"embeddable":true,"href":"https:\/\/postulat.org\/de\/wp-json\/wp\/v2\/comments?post=16"}],"version-history":[{"count":1,"href":"https:\/\/postulat.org\/de\/wp-json\/wp\/v2\/pages\/16\/revisions"}],"predecessor-version":[{"id":17,"href":"https:\/\/postulat.org\/de\/wp-json\/wp\/v2\/pages\/16\/revisions\/17"}],"wp:attachment":[{"href":"https:\/\/postulat.org\/de\/wp-json\/wp\/v2\/media?parent=16"}],"curies":[{"name":"wp","href":"https:\/\/api.w.org\/{rel}","templated":true}]}}