
{"id":12,"date":"2025-06-14T09:10:05","date_gmt":"2025-06-14T09:10:05","guid":{"rendered":"https:\/\/postulat.org\/de\/?page_id=12"},"modified":"2025-06-15T22:14:29","modified_gmt":"2025-06-15T22:14:29","slug":"fuer-autoren","status":"publish","type":"page","link":"https:\/\/postulat.org\/de\/fuer-autoren\/","title":{"rendered":"F\u00fcr Autoren"},"content":{"rendered":"\n<p class=\"wp-block-paragraph\">POSTULAT begr\u00fc\u00dft wissenschaftliche Beitr\u00e4ge zu allen Aspekten der Philosophie, darunter Aufs\u00e4tze, Zusammenfassungen, Analysen und Kritiken philosophischer Texte in allen Sprachen. Sie k\u00f6nnen zwischen einem allgemeinen Stil und dem von Fachzeitschriften geforderten Stil w\u00e4hlen. Die ideale Form eines POSTULAT-Beitrags ist das Verfassen einer Dissertation, in der Sie eine philosophische Position analysieren und zu einem Thema Stellung beziehen. Die Grundstruktur eines solchen Beitrags umfasst eine Einleitung, eine Argumentation, ein Fazit, ein Literaturverzeichnis oder Referenzen.<\/p>\n\n\n\n<p class=\"wp-block-paragraph\">Wenn Sie l\u00e4ngere Aufs\u00e4tze ver\u00f6ffentlichen m\u00f6chten, ver\u00f6ffentlichen Sie diese einfach kapitelweise. Fassen Sie alle Beitr\u00e4ge des Aufsatzes in einer Kategorie zusammen und benennen Sie diese nach dem Titel Ihrer Arbeit. Referenzen und ein Literaturverzeichnis sind gem\u00e4\u00df den akademischen Standards f\u00fcr jeden Beitrag erforderlich.<\/p>\n\n\n\n<p class=\"wp-block-paragraph\">Um auf POSTULAT zu ver\u00f6ffentlichen, senden Sie einfach eine E-Mail an postulatbox@gmail.com. Geben Sie Referenzen auf Ihre bereits ver\u00f6ffentlichten Arbeiten an oder f\u00fcgen Sie Ihrer Anfrage Beispieltexte bei.<\/p>\n","protected":false},"excerpt":{"rendered":"<p>POSTULAT begr\u00fc\u00dft wissenschaftliche Beitr\u00e4ge zu allen Aspekten der Philosophie, darunter Aufs\u00e4tze, Zusammenfassungen, Analysen und Kritiken philosophischer Texte in allen Sprachen. Sie k\u00f6nnen zwischen einem allgemeinen Stil und dem von Fachzeitschriften geforderten Stil w\u00e4hlen. Die ideale Form eines POSTULAT-Beitrags ist das Verfassen einer Dissertation, in der Sie eine philosophische Position analysieren und zu einem Thema Stellung [&hellip;]<\/p>\n","protected":false},"author":1,"featured_media":0,"parent":0,"menu_order":2,"comment_status":"closed","ping_status":"closed","template":"","meta":{"_crdt_document":"","footnotes":""},"class_list":["post-12","page","type-page","status-publish","hentry"],"_links":{"self":[{"href":"https:\/\/postulat.org\/de\/wp-json\/wp\/v2\/pages\/12","targetHints":{"allow":["GET"]}}],"collection":[{"href":"https:\/\/postulat.org\/de\/wp-json\/wp\/v2\/pages"}],"about":[{"href":"https:\/\/postulat.org\/de\/wp-json\/wp\/v2\/types\/page"}],"author":[{"embeddable":true,"href":"https:\/\/postulat.org\/de\/wp-json\/wp\/v2\/users\/1"}],"replies":[{"embeddable":true,"href":"https:\/\/postulat.org\/de\/wp-json\/wp\/v2\/comments?post=12"}],"version-history":[{"count":1,"href":"https:\/\/postulat.org\/de\/wp-json\/wp\/v2\/pages\/12\/revisions"}],"predecessor-version":[{"id":13,"href":"https:\/\/postulat.org\/de\/wp-json\/wp\/v2\/pages\/12\/revisions\/13"}],"wp:attachment":[{"href":"https:\/\/postulat.org\/de\/wp-json\/wp\/v2\/media?parent=12"}],"curies":[{"name":"wp","href":"https:\/\/api.w.org\/{rel}","templated":true}]}}